{"id":15728,"date":"2021-07-05T12:42:00","date_gmt":"2021-07-05T12:42:00","guid":{"rendered":"https:\/\/letipideletang.com\/ontvangst\/activiteiten\/"},"modified":"2022-01-16T16:36:02","modified_gmt":"2022-01-16T16:36:02","slug":"activites","status":"publish","type":"page","link":"https:\/\/letipideletang.com\/nl\/location\/activites\/","title":{"rendered":"Activiteiten"},"content":{"rendered":"[spb_row element_name=&#8221;Row&#8221; wrap_type=&#8221;full-width-contained&#8221; row_bg_type=&#8221;image&#8221; row_bg_color=&#8221;#2e96d8&#8243; color_row_height=&#8221;content-height&#8221; bg_image=&#8221;14975&#8243; bg_type=&#8221;cover&#8221; parallax_image_height=&#8221;content-height&#8221; parallax_image_movement=&#8221;fixed&#8221; parallax_image_speed=&#8221;standard&#8221; bg_video_loop=&#8221;yes&#8221; parallax_video_height=&#8221;window-height&#8221; row_top_style=&#8221;none&#8221; row_bottom_style=&#8221;none&#8221; parallax_video_overlay=&#8221;color&#8221; row_overlay_opacity=&#8221;85&#8243; remove_element_spacing=&#8221;no&#8221; row_col_spacing=&#8221;0&#8243; row_col_pos=&#8221;default&#8221; row_col_equal_heights=&#8221;no&#8221; row_expanding=&#8221;no&#8221; row_animation=&#8221;none&#8221; row_animation_delay=&#8221;0&#8243; minimize_row=&#8221;no&#8221; simplified_controls=&#8221;yes&#8221; custom_css_percentage=&#8221;no&#8221; custom_css=&#8221;margin-top: 0px;margin-bottom: 0px;&#8221; border_styling_global=&#8221;default&#8221; width=&#8221;1\/1&#8243; el_position=&#8221;first last&#8221;] [spb_text_block animation=&#8221;none&#8221; animation_delay=&#8221;0&#8243; simplified_controls=&#8221;yes&#8221; custom_css_percentage=&#8221;no&#8221; padding_vertical=&#8221;0&#8243; padding_horizontal=&#8221;0&#8243; margin_vertical=&#8221;0&#8243; custom_css=&#8221;margin-top: 0px;margin-bottom: 0px;&#8221; border_size=&#8221;0&#8243; border_styling_global=&#8221;default&#8221; width=&#8221;1\/1&#8243; el_position=&#8221;first last&#8221;]\n<h1><img loading=\"lazy\" decoding=\"async\" class=\" wp-image-14975 aligncenter\" src=\"http:\/\/letipideletang.com\/wp-content\/uploads\/2021\/07\/WhatsApp-Image-2021-07-24-at-23.27.43-5-300x225.jpeg\" alt=\"\" width=\"329\" height=\"247\" srcset=\"https:\/\/letipideletang.com\/wp-content\/uploads\/2021\/07\/WhatsApp-Image-2021-07-24-at-23.27.43-5-300x225.jpeg 300w, https:\/\/letipideletang.com\/wp-content\/uploads\/2021\/07\/WhatsApp-Image-2021-07-24-at-23.27.43-5-1024x768.jpeg 1024w, https:\/\/letipideletang.com\/wp-content\/uploads\/2021\/07\/WhatsApp-Image-2021-07-24-at-23.27.43-5-768x576.jpeg 768w, https:\/\/letipideletang.com\/wp-content\/uploads\/2021\/07\/WhatsApp-Image-2021-07-24-at-23.27.43-5-1536x1152.jpeg 1536w, https:\/\/letipideletang.com\/wp-content\/uploads\/2021\/07\/WhatsApp-Image-2021-07-24-at-23.27.43-5-600x450.jpeg 600w, https:\/\/letipideletang.com\/wp-content\/uploads\/2021\/07\/WhatsApp-Image-2021-07-24-at-23.27.43-5-900x675.jpeg 900w, https:\/\/letipideletang.com\/wp-content\/uploads\/2021\/07\/WhatsApp-Image-2021-07-24-at-23.27.43-5.jpeg 1600w\" sizes=\"auto, (max-width: 329px) 100vw, 329px\" \/><\/h1>\n<h1 style=\"text-align: center;\"><span style=\"color: #ffffff;\">Activiteiten ter plaatse:<\/span><\/h1>\n[\/spb_text_block] [spb_icon_box element_name=&#8221;Terrain de p\u00e9tanque&#8221; title=&#8221;p\u00e9tanque&#8221; box_type=&#8221;standard-center&#8221; box_icon_type=&#8221;icon&#8221; icon=&#8221;fasfa globe&#8221; animate_svg=&#8221;no&#8221; target=&#8221;_self&#8221; animation=&#8221;slideInUp&#8221; animation_delay=&#8221;0&#8243; icon_color=&#8221;#ffffff&#8221; icon_bg_color=&#8221;#2f97d7&#8243; text_color=&#8221;#ffffff&#8221; bg_color=&#8221;#b9ce00&#8243; animated_box_style=&#8221;coloured&#8221; animated_box_rounded=&#8221;yes&#8221; width=&#8221;1\/4&#8243; el_position=&#8221;first&#8221;]\n<p style=\"text-align: center;\">Petanqueballen aanwezig<\/p>\n[\/spb_icon_box] [spb_icon_box element_name=&#8221;Barque&#8221; title=&#8221;Kleine boot&#8221; box_type=&#8221;standard-center&#8221; box_icon_type=&#8221;icon&#8221; icon=&#8221;ancre fas fa&#8221; animate_svg=&#8221;no&#8221; target=&#8221;_self&#8221; animation=&#8221;slideInUp&#8221; animation_delay=&#8221;0&#8243; icon_color=&#8221;#ffffff&#8221; icon_bg_color=&#8221;#2f97d7&#8243; text_color=&#8221;#ffffff&#8221; bg_color=&#8221;#b9ce00&#8243; animated_box_style=&#8221;coloured&#8221; animated_box_rounded=&#8221;yes&#8221; width=&#8221;1\/4&#8243;]\n<p style=\"text-align: center;\">Boot en reddingsvesten voor 4 personen beschikbaar op de vijver.<\/p>\n[\/spb_icon_box] [spb_icon_box element_name=&#8221;Balade en cal\u00e8che&#8221; title=&#8221;promenade en cal\u00e8che&#8221; box_type=&#8221;standard-center&#8221; box_icon_type=&#8221;icon&#8221; icon=&#8221;fas fa t\u00eate de cheval&#8221; animate_svg=&#8221;no&#8221; target=&#8221;_self&#8221; animation=&#8221;slideInUp&#8221; animation_delay=&#8221;0&#8243; icon_color=&#8221;#ffffff&#8221; icon_bg_color=&#8221;#2f97d7&#8243; text_color=&#8221;#ffffff&#8221; bg_color=&#8221;#b9ce00&#8243; animated_box_style=&#8221;coloured&#8221; animated_box_rounded=&#8221;yes&#8221; width=&#8221;1\/4&#8243;]\n<p style=\"text-align: center;\">30\u20ac van 1 tot 4 personen voor een rit van +\/- 1 uur.<\/p>\n<p style=\"text-align: center;\">Neem rechtstreeks contact op met onze externe dienstverlener, H\u00e9l\u00e8ne, via 06-06-48-84-60.<\/p>\n<p><img loading=\"lazy\" decoding=\"async\" class=\"alignnone size-medium wp-image-15434 aligncenter\" src=\"http:\/\/letipideletang.com\/wp-content\/uploads\/2021\/11\/IMG_9357-300x163.jpg\" alt=\"\" width=\"300\" height=\"163\" srcset=\"https:\/\/letipideletang.com\/wp-content\/uploads\/2021\/11\/IMG_9357-300x163.jpg 300w, https:\/\/letipideletang.com\/wp-content\/uploads\/2021\/11\/IMG_9357-1024x558.jpg 1024w, https:\/\/letipideletang.com\/wp-content\/uploads\/2021\/11\/IMG_9357-768x418.jpg 768w, https:\/\/letipideletang.com\/wp-content\/uploads\/2021\/11\/IMG_9357.jpg 1091w\" sizes=\"auto, (max-width: 300px) 100vw, 300px\" \/><\/p>\n[\/spb_icon_box] [spb_icon_box element_name=&#8221;Randonn\u00e9es&#8221; title=&#8221;des promenades&#8221; box_type=&#8221;standard-center&#8221; box_icon_type=&#8221;icon&#8221; icon=&#8221;fas fa randonn\u00e9e&#8221; animate_svg=&#8221;no&#8221; target=&#8221;_self&#8221; animation=&#8221;slideInUp&#8221; animation_delay=&#8221;0&#8243; icon_color=&#8221;#ffffff&#8221; icon_bg_color=&#8221;#2f97d7&#8243; text_color=&#8221;#ffffff&#8221; bg_color=&#8221;#b9ce00&#8243; animated_box_style=&#8221;coloured&#8221; animated_box_rounded=&#8221;yes&#8221; width=&#8221;1\/4&#8243; el_position=&#8221;last&#8221;]\n<p>Wandelingen, wandelingen in de omliggende velden op wandelpaden of in het bos (7 min met de auto van het bos van Saint Amand).<\/p>\n[\/spb_icon_box] [spb_blank_spacer height=&#8221;30px&#8221; width=&#8221;1\/1&#8243; el_position=&#8221;first last&#8221;] [spb_icon_box element_name=&#8221;VTT&#8221; title=&#8221;MTB&#8221; box_type=&#8221;standard-center&#8221; box_icon_type=&#8221;icon&#8221; icon=&#8221;fasfa cyclisme&#8221; animate_svg=&#8221;no&#8221; target=&#8221;_self&#8221; animation=&#8221;slideInUp&#8221; animation_delay=&#8221;0&#8243; icon_color=&#8221;#ffffff&#8221; icon_bg_color=&#8221;#2f97d7&#8243; text_color=&#8221;#ffffff&#8221; bg_color=&#8221;#b9ce00&#8243; animated_box_style=&#8221;coloured&#8221; animated_box_rounded=&#8221;yes&#8221; width=&#8221;1\/4&#8243; el_position=&#8221;first&#8221;]\n<p style=\"text-align: center;\">beschikbaar en neem op verzoek contact met ons op.<\/p>\n[\/spb_icon_box] [spb_icon_box element_name=&#8221;Jeux de soci\u00e9t\u00e9&#8221; title=&#8221;jeux de soci\u00e9t\u00e9&#8221; box_type=&#8221;standard-center&#8221; box_icon_type=&#8221;icon&#8221; icon=&#8221;fas fa \u00e9checs&#8221; animate_svg=&#8221;no&#8221; target=&#8221;_self&#8221; animation=&#8221;slideInUp&#8221; animation_delay=&#8221;0&#8243; icon_color=&#8221;#ffffff&#8221; icon_bg_color=&#8221;#2f97d7&#8243; text_color=&#8221;#ffffff&#8221; bg_color=&#8221;#b9ce00&#8243; animated_box_style=&#8221;coloured&#8221; animated_box_rounded=&#8221;yes&#8221; width=&#8221;1\/4&#8243;]\n<p style=\"text-align: center;\">Verkrijgbaar in doos in de tipi.<\/p>\n[\/spb_icon_box] [spb_icon_box element_name=&#8221;P\u00eache&#8221; title=&#8221;La p\u00eache&#8221; box_type=&#8221;standard-center&#8221; box_icon_type=&#8221;icon&#8221; icon=&#8221;fas fa vis&#8221; animate_svg=&#8221;no&#8221; target=&#8221;_self&#8221; animation=&#8221;slideInUp&#8221; animation_delay=&#8221;0&#8243; icon_color=&#8221;#ffffff&#8221; icon_bg_color=&#8221;#2f97d7&#8243; text_color=&#8221;#ffffff&#8221; bg_color=&#8221;#b9ce00&#8243; animated_box_style=&#8221;coloured&#8221; animated_box_rounded=&#8221;yes&#8221; width=&#8221;1\/4&#8243; el_position=&#8221;last&#8221;]\n<p>Ontdek vissen met bepaalde vangsten of organiseer een viswedstrijd met vrienden of familie. Karper, zeelt, wit gras en goudvissen wachten op je!<\/p>\n<p>Visuitrusting beschikbaar op het terrein.<\/p>\n<p>Initiatie van een uur van 1 tot 4 personen voor 20 \u20ac door een externe partner, neem contact met ons op.<\/p>\n<p>&nbsp;<\/p>\n[\/spb_icon_box] [spb_blank_spacer height=&#8221;30px&#8221; width=&#8221;1\/1&#8243; el_position=&#8221;first last&#8221;] [\/spb_row]\n","protected":false},"excerpt":{"rendered":"<p>[spb_row element_name=&#8221;Row&#8221; wrap_type=&#8221;full-width-contained&#8221; row_bg_type=&#8221;image&#8221; row_bg_color=&#8221;#2e96d8&#8243; color_row_height=&#8221;content-height&#8221; bg_image=&#8221;14975&#8243; bg_type=&#8221;cover&#8221; parallax_image_height=&#8221;content-height&#8221; parallax_image_movement=&#8221;fixed&#8221; parallax_image_speed=&#8221;standard&#8221; bg_video_loop=&#8221;yes&#8221; parallax_video_height=&#8221;window-height&#8221; row_top_style=&#8221;none&#8221; row_bottom_style=&#8221;none&#8221; parallax_video_overlay=&#8221;color&#8221; row_overlay_opacity=&#8221;85&#8243; remove_element_spacing=&#8221;no&#8221; row_col_spacing=&#8221;0&#8243; row_col_pos=&#8221;default&#8221; row_col_equal_heights=&#8221;no&#8221; row_expanding=&#8221;no&#8221; row_animation=&#8221;none&#8221; row_animation_delay=&#8221;0&#8243; minimize_row=&#8221;no&#8221; simplified_controls=&#8221;yes&#8221; custom_css_percentage=&#8221;no&#8221; custom_css=&#8221;margin-top: 0px;margin-bottom: 0px;&#8221; border_styling_global=&#8221;default&#8221; width=&#8221;1\/1&#8243; el_position=&#8221;first last&#8221;] [spb_text_block animation=&#8221;none&#8221; animation_delay=&#8221;0&#8243; simplified_controls=&#8221;yes&#8221; custom_css_percentage=&#8221;no&#8221; padding_vertical=&#8221;0&#8243; padding_horizontal=&#8221;0&#8243; margin_vertical=&#8221;0&#8243; custom_css=&#8221;margin-top: 0px;margin-bottom: 0px;&#8221; border_size=&#8221;0&#8243; border_styling_global=&#8221;default&#8221; width=&#8221;1\/1&#8243; el_position=&#8221;first last&#8221;] Activiteiten ter plaatse: [\/spb_text_block] [spb_icon_box element_name=&#8221;Terrain de p\u00e9tanque&#8221; title=&#8221;p\u00e9tanque&#8221; box_type=&#8221;standard-center&#8221; [&hellip;]<\/p>\n","protected":false},"author":1,"featured_media":0,"parent":15715,"menu_order":0,"comment_status":"closed","ping_status":"closed","template":"","meta":{"footnotes":""},"class_list":["post-15728","page","type-page","status-publish","hentry"],"yoast_head":"<!-- This site is optimized with the Yoast SEO plugin v27.4 - https:\/\/yoast.com\/product\/yoast-seo-wordpress\/ -->\n<title>Activiteiten - Le Tipi de L&#039;\u00e9tang<\/title>\n<meta name=\"description\" content=\"Welkom in de tipi van de vijver voor een gegarandeerde verandering van omgeving! Gelegen in een groene omgeving ver van de bewoonde wereld, zal deze ongewone accommodatie op palen u niet onverschillig laten! Deze plek vol charme zal je zeker verjongen! Totale verandering van omgeving gegarandeerd!\" \/>\n<meta name=\"robots\" content=\"index, follow, max-snippet:-1, max-image-preview:large, max-video-preview:-1\" \/>\n<link rel=\"canonical\" href=\"https:\/\/letipideletang.com\/nl\/location\/activites\/\" \/>\n<meta property=\"og:locale\" content=\"nl_NL\" \/>\n<meta property=\"og:type\" content=\"article\" \/>\n<meta property=\"og:title\" content=\"Activiteiten - Le Tipi de L&#039;\u00e9tang\" \/>\n<meta property=\"og:description\" content=\"Welkom in de tipi van de vijver voor een gegarandeerde verandering van omgeving! Gelegen in een groene omgeving ver van de bewoonde wereld, zal deze ongewone accommodatie op palen u niet onverschillig laten! Deze plek vol charme zal je zeker verjongen! Totale verandering van omgeving gegarandeerd!\" \/>\n<meta property=\"og:url\" content=\"https:\/\/letipideletang.com\/nl\/location\/activites\/\" \/>\n<meta property=\"og:site_name\" content=\"Le Tipi de L&#039;\u00e9tang\" \/>\n<meta property=\"article:publisher\" content=\"https:\/\/www.facebook.com\/profile.php?id=100069945652258\" \/>\n<meta property=\"article:modified_time\" content=\"2022-01-16T16:36:02+00:00\" \/>\n<meta property=\"og:image\" content=\"http:\/\/letipideletang.com\/wp-content\/uploads\/2021\/07\/WhatsApp-Image-2021-07-24-at-23.27.43-5-300x225.jpeg\" \/>\n<meta name=\"twitter:card\" content=\"summary_large_image\" \/>\n<meta name=\"twitter:label1\" content=\"Geschatte leestijd\" \/>\n\t<meta name=\"twitter:data1\" content=\"4 minuten\" \/>\n<script type=\"application\/ld+json\" class=\"yoast-schema-graph\">{\"@context\":\"https:\\\/\\\/schema.org\",\"@graph\":[{\"@type\":\"WebPage\",\"@id\":\"https:\\\/\\\/letipideletang.com\\\/nl\\\/location\\\/activites\\\/\",\"url\":\"https:\\\/\\\/letipideletang.com\\\/nl\\\/location\\\/activites\\\/\",\"name\":\"Activiteiten - Le Tipi de L&#039;\u00e9tang\",\"isPartOf\":{\"@id\":\"https:\\\/\\\/letipideletang.com\\\/nl\\\/#website\"},\"primaryImageOfPage\":{\"@id\":\"https:\\\/\\\/letipideletang.com\\\/nl\\\/location\\\/activites\\\/#primaryimage\"},\"image\":{\"@id\":\"https:\\\/\\\/letipideletang.com\\\/nl\\\/location\\\/activites\\\/#primaryimage\"},\"thumbnailUrl\":\"http:\\\/\\\/letipideletang.com\\\/wp-content\\\/uploads\\\/2021\\\/07\\\/WhatsApp-Image-2021-07-24-at-23.27.43-5-300x225.jpeg\",\"datePublished\":\"2021-07-05T12:42:00+00:00\",\"dateModified\":\"2022-01-16T16:36:02+00:00\",\"description\":\"Welkom in de tipi van de vijver voor een gegarandeerde verandering van omgeving! Gelegen in een groene omgeving ver van de bewoonde wereld, zal deze ongewone accommodatie op palen u niet onverschillig laten! Deze plek vol charme zal je zeker verjongen! Totale verandering van omgeving gegarandeerd!\",\"breadcrumb\":{\"@id\":\"https:\\\/\\\/letipideletang.com\\\/nl\\\/location\\\/activites\\\/#breadcrumb\"},\"inLanguage\":\"nl-NL\",\"potentialAction\":[{\"@type\":\"ReadAction\",\"target\":[\"https:\\\/\\\/letipideletang.com\\\/nl\\\/location\\\/activites\\\/\"]}]},{\"@type\":\"ImageObject\",\"inLanguage\":\"nl-NL\",\"@id\":\"https:\\\/\\\/letipideletang.com\\\/nl\\\/location\\\/activites\\\/#primaryimage\",\"url\":\"http:\\\/\\\/letipideletang.com\\\/wp-content\\\/uploads\\\/2021\\\/07\\\/WhatsApp-Image-2021-07-24-at-23.27.43-5-300x225.jpeg\",\"contentUrl\":\"http:\\\/\\\/letipideletang.com\\\/wp-content\\\/uploads\\\/2021\\\/07\\\/WhatsApp-Image-2021-07-24-at-23.27.43-5-300x225.jpeg\"},{\"@type\":\"BreadcrumbList\",\"@id\":\"https:\\\/\\\/letipideletang.com\\\/nl\\\/location\\\/activites\\\/#breadcrumb\",\"itemListElement\":[{\"@type\":\"ListItem\",\"position\":1,\"name\":\"Accueil\",\"item\":\"https:\\\/\\\/letipideletang.com\\\/nl\\\/\"},{\"@type\":\"ListItem\",\"position\":2,\"name\":\"Ontvangst\",\"item\":\"https:\\\/\\\/letipideletang.com\\\/nl\\\/\"},{\"@type\":\"ListItem\",\"position\":3,\"name\":\"Activiteiten\"}]},{\"@type\":\"WebSite\",\"@id\":\"https:\\\/\\\/letipideletang.com\\\/nl\\\/#website\",\"url\":\"https:\\\/\\\/letipideletang.com\\\/nl\\\/\",\"name\":\"Le Tipi de L&#039;\u00e9tang\",\"description\":\"Logement insolite\",\"publisher\":{\"@id\":\"https:\\\/\\\/letipideletang.com\\\/nl\\\/#organization\"},\"potentialAction\":[{\"@type\":\"SearchAction\",\"target\":{\"@type\":\"EntryPoint\",\"urlTemplate\":\"https:\\\/\\\/letipideletang.com\\\/nl\\\/?s={search_term_string}\"},\"query-input\":{\"@type\":\"PropertyValueSpecification\",\"valueRequired\":true,\"valueName\":\"search_term_string\"}}],\"inLanguage\":\"nl-NL\"},{\"@type\":\"Organization\",\"@id\":\"https:\\\/\\\/letipideletang.com\\\/nl\\\/#organization\",\"name\":\"Le Tipi de l'\u00e9tang\",\"url\":\"https:\\\/\\\/letipideletang.com\\\/nl\\\/\",\"logo\":{\"@type\":\"ImageObject\",\"inLanguage\":\"nl-NL\",\"@id\":\"https:\\\/\\\/letipideletang.com\\\/nl\\\/#\\\/schema\\\/logo\\\/image\\\/\",\"url\":\"https:\\\/\\\/letipideletang.com\\\/wp-content\\\/uploads\\\/2021\\\/10\\\/11.jpg\",\"contentUrl\":\"https:\\\/\\\/letipideletang.com\\\/wp-content\\\/uploads\\\/2021\\\/10\\\/11.jpg\",\"width\":885,\"height\":1024,\"caption\":\"Le Tipi de l'\u00e9tang\"},\"image\":{\"@id\":\"https:\\\/\\\/letipideletang.com\\\/nl\\\/#\\\/schema\\\/logo\\\/image\\\/\"},\"sameAs\":[\"https:\\\/\\\/www.facebook.com\\\/profile.php?id=100069945652258\"]}]}<\/script>\n<!-- \/ Yoast SEO plugin. -->","yoast_head_json":{"title":"Activiteiten - Le Tipi de L&#039;\u00e9tang","description":"Welkom in de tipi van de vijver voor een gegarandeerde verandering van omgeving! Gelegen in een groene omgeving ver van de bewoonde wereld, zal deze ongewone accommodatie op palen u niet onverschillig laten! Deze plek vol charme zal je zeker verjongen! Totale verandering van omgeving gegarandeerd!","robots":{"index":"index","follow":"follow","max-snippet":"max-snippet:-1","max-image-preview":"max-image-preview:large","max-video-preview":"max-video-preview:-1"},"canonical":"https:\/\/letipideletang.com\/nl\/location\/activites\/","og_locale":"nl_NL","og_type":"article","og_title":"Activiteiten - Le Tipi de L&#039;\u00e9tang","og_description":"Welkom in de tipi van de vijver voor een gegarandeerde verandering van omgeving! Gelegen in een groene omgeving ver van de bewoonde wereld, zal deze ongewone accommodatie op palen u niet onverschillig laten! Deze plek vol charme zal je zeker verjongen! Totale verandering van omgeving gegarandeerd!","og_url":"https:\/\/letipideletang.com\/nl\/location\/activites\/","og_site_name":"Le Tipi de L&#039;\u00e9tang","article_publisher":"https:\/\/www.facebook.com\/profile.php?id=100069945652258","article_modified_time":"2022-01-16T16:36:02+00:00","og_image":[{"url":"http:\/\/letipideletang.com\/wp-content\/uploads\/2021\/07\/WhatsApp-Image-2021-07-24-at-23.27.43-5-300x225.jpeg","type":"","width":"","height":""}],"twitter_card":"summary_large_image","twitter_misc":{"Geschatte leestijd":"4 minuten"},"schema":{"@context":"https:\/\/schema.org","@graph":[{"@type":"WebPage","@id":"https:\/\/letipideletang.com\/nl\/location\/activites\/","url":"https:\/\/letipideletang.com\/nl\/location\/activites\/","name":"Activiteiten - Le Tipi de L&#039;\u00e9tang","isPartOf":{"@id":"https:\/\/letipideletang.com\/nl\/#website"},"primaryImageOfPage":{"@id":"https:\/\/letipideletang.com\/nl\/location\/activites\/#primaryimage"},"image":{"@id":"https:\/\/letipideletang.com\/nl\/location\/activites\/#primaryimage"},"thumbnailUrl":"http:\/\/letipideletang.com\/wp-content\/uploads\/2021\/07\/WhatsApp-Image-2021-07-24-at-23.27.43-5-300x225.jpeg","datePublished":"2021-07-05T12:42:00+00:00","dateModified":"2022-01-16T16:36:02+00:00","description":"Welkom in de tipi van de vijver voor een gegarandeerde verandering van omgeving! Gelegen in een groene omgeving ver van de bewoonde wereld, zal deze ongewone accommodatie op palen u niet onverschillig laten! Deze plek vol charme zal je zeker verjongen! Totale verandering van omgeving gegarandeerd!","breadcrumb":{"@id":"https:\/\/letipideletang.com\/nl\/location\/activites\/#breadcrumb"},"inLanguage":"nl-NL","potentialAction":[{"@type":"ReadAction","target":["https:\/\/letipideletang.com\/nl\/location\/activites\/"]}]},{"@type":"ImageObject","inLanguage":"nl-NL","@id":"https:\/\/letipideletang.com\/nl\/location\/activites\/#primaryimage","url":"http:\/\/letipideletang.com\/wp-content\/uploads\/2021\/07\/WhatsApp-Image-2021-07-24-at-23.27.43-5-300x225.jpeg","contentUrl":"http:\/\/letipideletang.com\/wp-content\/uploads\/2021\/07\/WhatsApp-Image-2021-07-24-at-23.27.43-5-300x225.jpeg"},{"@type":"BreadcrumbList","@id":"https:\/\/letipideletang.com\/nl\/location\/activites\/#breadcrumb","itemListElement":[{"@type":"ListItem","position":1,"name":"Accueil","item":"https:\/\/letipideletang.com\/nl\/"},{"@type":"ListItem","position":2,"name":"Ontvangst","item":"https:\/\/letipideletang.com\/nl\/"},{"@type":"ListItem","position":3,"name":"Activiteiten"}]},{"@type":"WebSite","@id":"https:\/\/letipideletang.com\/nl\/#website","url":"https:\/\/letipideletang.com\/nl\/","name":"Le Tipi de L&#039;\u00e9tang","description":"Logement insolite","publisher":{"@id":"https:\/\/letipideletang.com\/nl\/#organization"},"potentialAction":[{"@type":"SearchAction","target":{"@type":"EntryPoint","urlTemplate":"https:\/\/letipideletang.com\/nl\/?s={search_term_string}"},"query-input":{"@type":"PropertyValueSpecification","valueRequired":true,"valueName":"search_term_string"}}],"inLanguage":"nl-NL"},{"@type":"Organization","@id":"https:\/\/letipideletang.com\/nl\/#organization","name":"Le Tipi de l'\u00e9tang","url":"https:\/\/letipideletang.com\/nl\/","logo":{"@type":"ImageObject","inLanguage":"nl-NL","@id":"https:\/\/letipideletang.com\/nl\/#\/schema\/logo\/image\/","url":"https:\/\/letipideletang.com\/wp-content\/uploads\/2021\/10\/11.jpg","contentUrl":"https:\/\/letipideletang.com\/wp-content\/uploads\/2021\/10\/11.jpg","width":885,"height":1024,"caption":"Le Tipi de l'\u00e9tang"},"image":{"@id":"https:\/\/letipideletang.com\/nl\/#\/schema\/logo\/image\/"},"sameAs":["https:\/\/www.facebook.com\/profile.php?id=100069945652258"]}]}},"_links":{"self":[{"href":"https:\/\/letipideletang.com\/nl\/wp-json\/wp\/v2\/pages\/15728","targetHints":{"allow":["GET"]}}],"collection":[{"href":"https:\/\/letipideletang.com\/nl\/wp-json\/wp\/v2\/pages"}],"about":[{"href":"https:\/\/letipideletang.com\/nl\/wp-json\/wp\/v2\/types\/page"}],"author":[{"embeddable":true,"href":"https:\/\/letipideletang.com\/nl\/wp-json\/wp\/v2\/users\/1"}],"replies":[{"embeddable":true,"href":"https:\/\/letipideletang.com\/nl\/wp-json\/wp\/v2\/comments?post=15728"}],"version-history":[{"count":11,"href":"https:\/\/letipideletang.com\/nl\/wp-json\/wp\/v2\/pages\/15728\/revisions"}],"predecessor-version":[{"id":15946,"href":"https:\/\/letipideletang.com\/nl\/wp-json\/wp\/v2\/pages\/15728\/revisions\/15946"}],"up":[{"embeddable":true,"href":"https:\/\/letipideletang.com\/nl\/wp-json\/wp\/v2\/pages\/15715"}],"wp:attachment":[{"href":"https:\/\/letipideletang.com\/nl\/wp-json\/wp\/v2\/media?parent=15728"}],"curies":[{"name":"wp","href":"https:\/\/api.w.org\/{rel}","templated":true}]}}