{"id":15723,"date":"2021-07-05T12:49:11","date_gmt":"2021-07-05T12:49:11","guid":{"rendered":"https:\/\/letipideletang.com\/ontvangst\/de-omgeving\/"},"modified":"2022-01-16T16:31:37","modified_gmt":"2022-01-16T16:31:37","slug":"lenvironnement","status":"publish","type":"page","link":"https:\/\/letipideletang.com\/nl\/location\/lenvironnement\/","title":{"rendered":"De omgeving"},"content":{"rendered":"[spb_row element_name=&#8221;Row&#8221; wrap_type=&#8221;full-width-contained&#8221; row_bg_type=&#8221;image&#8221; row_bg_color=&#8221;#2e96d8&#8243; color_row_height=&#8221;content-height&#8221; bg_image=&#8221;14958&#8243; bg_type=&#8221;cover&#8221; parallax_image_height=&#8221;content-height&#8221; parallax_image_movement=&#8221;fixed&#8221; parallax_image_speed=&#8221;standard&#8221; bg_video_loop=&#8221;yes&#8221; parallax_video_height=&#8221;window-height&#8221; row_top_style=&#8221;none&#8221; row_bottom_style=&#8221;none&#8221; parallax_video_overlay=&#8221;color&#8221; row_overlay_opacity=&#8221;80&#8243; remove_element_spacing=&#8221;no&#8221; row_col_spacing=&#8221;0&#8243; row_col_pos=&#8221;default&#8221; row_col_equal_heights=&#8221;no&#8221; row_expanding=&#8221;no&#8221; row_animation=&#8221;none&#8221; row_animation_delay=&#8221;0&#8243; minimize_row=&#8221;no&#8221; simplified_controls=&#8221;yes&#8221; custom_css_percentage=&#8221;no&#8221; custom_css=&#8221;margin-top: 0px;margin-bottom: 0px;&#8221; border_styling_global=&#8221;default&#8221; width=&#8221;1\/1&#8243; el_position=&#8221;first last&#8221;] [spb_blank_spacer height=&#8221;30px&#8221; width=&#8221;1\/4&#8243; el_position=&#8221;first&#8221;] [spb_text_block animation=&#8221;none&#8221; animation_delay=&#8221;0&#8243; simplified_controls=&#8221;yes&#8221; custom_css_percentage=&#8221;no&#8221; padding_vertical=&#8221;0&#8243; padding_horizontal=&#8221;0&#8243; margin_vertical=&#8221;0&#8243; custom_css=&#8221;margin-top: 0px;margin-bottom: 0px;&#8221; border_size=&#8221;0&#8243; border_styling_global=&#8221;default&#8221; width=&#8221;1\/2&#8243;]\n<h3><span style=\"color: #000000;\"><img loading=\"lazy\" decoding=\"async\" class=\"aligncenter wp-image-14958\" src=\"http:\/\/letipideletang.com\/wp-content\/uploads\/2021\/07\/WhatsApp-Image-2021-07-24-at-23.27.45-4-300x225.jpeg\" alt=\"tipi, nature, g\u00eete, chambre d'h\u00f4te, insolite, p\u00eache, p\u00e9tanque, sortie, h\u00e9bergement, famille, nord, nuit, amoureux, cosy, calme\" width=\"377\" height=\"283\" srcset=\"https:\/\/letipideletang.com\/wp-content\/uploads\/2021\/07\/WhatsApp-Image-2021-07-24-at-23.27.45-4-300x225.jpeg 300w, https:\/\/letipideletang.com\/wp-content\/uploads\/2021\/07\/WhatsApp-Image-2021-07-24-at-23.27.45-4-1024x768.jpeg 1024w, https:\/\/letipideletang.com\/wp-content\/uploads\/2021\/07\/WhatsApp-Image-2021-07-24-at-23.27.45-4-768x576.jpeg 768w, https:\/\/letipideletang.com\/wp-content\/uploads\/2021\/07\/WhatsApp-Image-2021-07-24-at-23.27.45-4-1536x1152.jpeg 1536w, https:\/\/letipideletang.com\/wp-content\/uploads\/2021\/07\/WhatsApp-Image-2021-07-24-at-23.27.45-4-600x450.jpeg 600w, https:\/\/letipideletang.com\/wp-content\/uploads\/2021\/07\/WhatsApp-Image-2021-07-24-at-23.27.45-4-900x675.jpeg 900w, https:\/\/letipideletang.com\/wp-content\/uploads\/2021\/07\/WhatsApp-Image-2021-07-24-at-23.27.45-4.jpeg 1600w\" sizes=\"auto, (max-width: 377px) 100vw, 377px\" \/><\/span><\/h3>\n<h1 style=\"text-align: center;\"><span style=\"color: #ffffff;\">gezoneerd<\/span><\/h1>\n<h3 style=\"text-align: center;\"><span style=\"color: #ffffff;\">&#8220;Le tipi de l&#8217;\u00e9tang&#8221; is een gite gelegen in een priv\u00e9domein met een vijver, midden in de natuur tussen bossen en platteland <a style=\"color: #ffffff;\" href=\"\/nl\/?page_id=15704\">in het hart van het Regionaal Natuurpark van Scarpe Escaut<\/a> .<\/span><\/h3>\n<h3 style=\"text-align: center;\"><span style=\"color: #ffffff;\"><em>Documentatie over het cultureel en natuurlijk erfgoed, wandelpaden, de geschiedenis van de regio is ter plaatse voor u beschikbaar.<\/em><\/span><\/h3>\n<h3 style=\"text-align: center;\"><span style=\"color: #ffffff;\">Deze rustige en natuurlijke omgeving is niettemin goed bereikbaar met het vervoer en gemakkelijk bereikbaar en dichtbij stedelijke centra zoals Lille\/Doornik\/Brussel.<\/span><\/h3>\n<h3 style=\"text-align: center;\"><span style=\"color: #ffffff;\">Mogelijkheid om te halen bij station Saint Amand.<\/span><\/h3>\n[\/spb_text_block] [spb_blank_spacer height=&#8221;30px&#8221; width=&#8221;1\/4&#8243; el_position=&#8221;last&#8221;] [spb_icon_box element_name=&#8221;A 5 minutes&#8221; title=&#8221;5 minuten weg&#8221; box_type=&#8221;standard-center&#8221; box_icon_type=&#8221;icon&#8221; icon=&#8221;fas fa-map-marked-alt&#8221; animate_svg=&#8221;no&#8221; target=&#8221;_self&#8221; animation=&#8221;slideInUp&#8221; animation_delay=&#8221;0&#8243; icon_color=&#8221;#ffffff&#8221; icon_bg_color=&#8221;#2f97d7&#8243; text_color=&#8221;#ffffff&#8221; bg_color=&#8221;#b9ce00&#8243; animated_box_style=&#8221;coloured&#8221; animated_box_rounded=&#8221;yes&#8221; width=&#8221;1\/3&#8243; el_position=&#8221;first&#8221;]\n<p style=\"text-align: center;\"><span style=\"color: #ffffff;\">5 minuten afstand: Bowlingbanen, bioscopen, caval kid, Pasino de Saint Amand les Eaux, nautisch centrum (verhuur van elektrische boten op de Deule), aquatisch centrum (zwembad, Spa) catering (Office, Burger King, Buffalo Grill, Comptoir du Malte ).<\/span><\/p>\n[\/spb_icon_box] [spb_icon_box element_name=&#8221;Sites incontournables&#8221; title=&#8221;Curiositeiten&#8221; box_type=&#8221;standard-center&#8221; box_icon_type=&#8221;icon&#8221; icon=&#8221;doe je schaaktoren&#8221; animate_svg=&#8221;no&#8221; target=&#8221;_self&#8221; animation=&#8221;slideInUp&#8221; animation_delay=&#8221;0&#8243; icon_color=&#8221;#ffffff&#8221; icon_bg_color=&#8221;#2f97d7&#8243; text_color=&#8221;#ffffff&#8221; bg_color=&#8221;#b9ce00&#8243; animated_box_style=&#8221;coloured&#8221; animated_box_rounded=&#8221;yes&#8221; width=&#8221;1\/3&#8243;]\n<p style=\"text-align: center;\"><a href=\"https:\/\/www.tourisme-porteduhainaut.com\/activites\/decouvrir-notre-heritage\/466462-mare-a-goriaux\" target=\"_blank\" rel=\"noopener\">Onmisbare van de Mare-site in Goriaux<\/a><\/p>\n<p style=\"text-align: center;\"><a href=\"https:\/\/www.arenberg-minecreative.fr\/page\/visites-site\" target=\"_blank\" rel=\"noopener\">Mijn Arenberg-website<\/a><\/p>\n<p style=\"text-align: center;\"><a href=\"https:\/\/www.visitwapi.be\/la-carriere-de-lorient\" target=\"_blank\" rel=\"noopener\">Steengroeve Lorient: boomklimmen, zwembad, waterfietsen<\/a><\/p>\n[\/spb_icon_box] [spb_icon_box element_name=&#8221;Restaurants&#8221; title=&#8221;Restaurants&#8221; box_type=&#8221;standard-center&#8221; box_icon_type=&#8221;icon&#8221; icon=&#8221;fas fa keukengerei&#8221; animate_svg=&#8221;no&#8221; target=&#8221;_self&#8221; animation=&#8221;slideInUp&#8221; animation_delay=&#8221;0&#8243; icon_color=&#8221;#ffffff&#8221; icon_bg_color=&#8221;#2f97d7&#8243; text_color=&#8221;#ffffff&#8221; bg_color=&#8221;#b9ce00&#8243; animated_box_style=&#8221;coloured&#8221; animated_box_rounded=&#8221;yes&#8221; width=&#8221;1\/3&#8243; el_position=&#8221;last&#8221;]\n<p style=\"text-align: center;\"><span style=\"color: #ffffff;\">\u201cAuberge du Li\u00e8vre\u201d in Bruille Saint Amand in \u201cPoivre et Sel\u201d in Hollain<\/span><\/p>\n[\/spb_icon_box] [spb_blank_spacer height=&#8221;30px&#8221; width=&#8221;1\/1&#8243; el_position=&#8221;first last&#8221;] [spb_gmaps size=&#8221;600&#8243; type=&#8221;hybrid&#8221; zoom=&#8221;15&#8243; map_controls=&#8221;yes&#8221; advanced_styling=&#8221;yes&#8221; color=&#8221;#97c11e&#8221; saturation=&#8221;color&#8221; fullscreen=&#8221;yes&#8221; width=&#8221;1\/1&#8243; el_position=&#8221;first last&#8221;] [spb_map_pin pin_latitude=&#8221;50.5033092&#8243; pin_longitude=&#8221;3.4331349&#8243; pin_image=&#8221;14810&#8243; width=&#8221;1\/1&#8243; el_position=&#8221;first last&#8221;]Klik op de knop Bewerken om de detailtekst van de kaartpin te bewerken.[\/spb_map_pin] [\/spb_gmaps] [\/spb_row]\n","protected":false},"excerpt":{"rendered":"<p>[spb_row element_name=&#8221;Row&#8221; wrap_type=&#8221;full-width-contained&#8221; row_bg_type=&#8221;image&#8221; row_bg_color=&#8221;#2e96d8&#8243; color_row_height=&#8221;content-height&#8221; bg_image=&#8221;14958&#8243; bg_type=&#8221;cover&#8221; parallax_image_height=&#8221;content-height&#8221; parallax_image_movement=&#8221;fixed&#8221; parallax_image_speed=&#8221;standard&#8221; bg_video_loop=&#8221;yes&#8221; parallax_video_height=&#8221;window-height&#8221; row_top_style=&#8221;none&#8221; row_bottom_style=&#8221;none&#8221; parallax_video_overlay=&#8221;color&#8221; row_overlay_opacity=&#8221;80&#8243; remove_element_spacing=&#8221;no&#8221; row_col_spacing=&#8221;0&#8243; row_col_pos=&#8221;default&#8221; row_col_equal_heights=&#8221;no&#8221; row_expanding=&#8221;no&#8221; row_animation=&#8221;none&#8221; row_animation_delay=&#8221;0&#8243; minimize_row=&#8221;no&#8221; simplified_controls=&#8221;yes&#8221; custom_css_percentage=&#8221;no&#8221; custom_css=&#8221;margin-top: 0px;margin-bottom: 0px;&#8221; border_styling_global=&#8221;default&#8221; width=&#8221;1\/1&#8243; el_position=&#8221;first last&#8221;] [spb_blank_spacer height=&#8221;30px&#8221; width=&#8221;1\/4&#8243; el_position=&#8221;first&#8221;] [spb_text_block animation=&#8221;none&#8221; animation_delay=&#8221;0&#8243; simplified_controls=&#8221;yes&#8221; custom_css_percentage=&#8221;no&#8221; padding_vertical=&#8221;0&#8243; padding_horizontal=&#8221;0&#8243; margin_vertical=&#8221;0&#8243; custom_css=&#8221;margin-top: 0px;margin-bottom: 0px;&#8221; border_size=&#8221;0&#8243; border_styling_global=&#8221;default&#8221; width=&#8221;1\/2&#8243;] gezoneerd &#8220;Le tipi de l&#8217;\u00e9tang&#8221; is een gite [&hellip;]<\/p>\n","protected":false},"author":2,"featured_media":0,"parent":15715,"menu_order":0,"comment_status":"closed","ping_status":"closed","template":"","meta":{"footnotes":""},"class_list":["post-15723","page","type-page","status-publish","hentry"],"yoast_head":"<!-- This site is optimized with the Yoast SEO plugin v27.4 - https:\/\/yoast.com\/product\/yoast-seo-wordpress\/ -->\n<title>Le Tipi de L&#039;\u00e9tang - De omgeving<\/title>\n<meta name=\"description\" content=\"&quot;Le tipi de l&#039;\u00e9tang&quot; is een gte gelegen in een priv\u00e9domein met een vijver, in het hart van het Regionaal Natuurpark Scarpe Escaut.\" \/>\n<meta name=\"robots\" content=\"index, follow, max-snippet:-1, max-image-preview:large, max-video-preview:-1\" \/>\n<link rel=\"canonical\" href=\"https:\/\/letipideletang.com\/nl\/location\/lenvironnement\/\" \/>\n<meta property=\"og:locale\" content=\"nl_NL\" \/>\n<meta property=\"og:type\" content=\"article\" \/>\n<meta property=\"og:title\" content=\"Le Tipi de L&#039;\u00e9tang - De omgeving\" \/>\n<meta property=\"og:description\" content=\"&quot;Le tipi de l&#039;\u00e9tang&quot; is een gte gelegen in een priv\u00e9domein met een vijver, in het hart van het Regionaal Natuurpark Scarpe Escaut.\" \/>\n<meta property=\"og:url\" content=\"https:\/\/letipideletang.com\/nl\/location\/lenvironnement\/\" \/>\n<meta property=\"og:site_name\" content=\"Le Tipi de L&#039;\u00e9tang\" \/>\n<meta property=\"article:publisher\" content=\"https:\/\/www.facebook.com\/profile.php?id=100069945652258\" \/>\n<meta property=\"article:modified_time\" content=\"2022-01-16T16:31:37+00:00\" \/>\n<meta property=\"og:image\" content=\"https:\/\/letipideletang.com\/wp-content\/uploads\/2021\/10\/10.jpg\" \/>\n\t<meta property=\"og:image:width\" content=\"800\" \/>\n\t<meta property=\"og:image:height\" content=\"600\" \/>\n\t<meta property=\"og:image:type\" content=\"image\/jpeg\" \/>\n<meta name=\"twitter:card\" content=\"summary_large_image\" \/>\n<meta name=\"twitter:label1\" content=\"Geschatte leestijd\" \/>\n\t<meta name=\"twitter:data1\" content=\"2 minuten\" \/>\n<script type=\"application\/ld+json\" class=\"yoast-schema-graph\">{\"@context\":\"https:\\\/\\\/schema.org\",\"@graph\":[{\"@type\":\"WebPage\",\"@id\":\"https:\\\/\\\/letipideletang.com\\\/nl\\\/location\\\/lenvironnement\\\/\",\"url\":\"https:\\\/\\\/letipideletang.com\\\/nl\\\/location\\\/lenvironnement\\\/\",\"name\":\"Le Tipi de L&#039;\u00e9tang - De omgeving\",\"isPartOf\":{\"@id\":\"https:\\\/\\\/letipideletang.com\\\/nl\\\/#website\"},\"primaryImageOfPage\":{\"@id\":\"https:\\\/\\\/letipideletang.com\\\/nl\\\/location\\\/lenvironnement\\\/#primaryimage\"},\"image\":{\"@id\":\"https:\\\/\\\/letipideletang.com\\\/nl\\\/location\\\/lenvironnement\\\/#primaryimage\"},\"thumbnailUrl\":\"http:\\\/\\\/letipideletang.com\\\/wp-content\\\/uploads\\\/2021\\\/07\\\/WhatsApp-Image-2021-07-24-at-23.27.45-4-300x225.jpeg\",\"datePublished\":\"2021-07-05T12:49:11+00:00\",\"dateModified\":\"2022-01-16T16:31:37+00:00\",\"description\":\"\\\"Le tipi de l'\u00e9tang\\\" is een gte gelegen in een priv\u00e9domein met een vijver, in het hart van het Regionaal Natuurpark Scarpe Escaut.\",\"breadcrumb\":{\"@id\":\"https:\\\/\\\/letipideletang.com\\\/nl\\\/location\\\/lenvironnement\\\/#breadcrumb\"},\"inLanguage\":\"nl-NL\",\"potentialAction\":[{\"@type\":\"ReadAction\",\"target\":[\"https:\\\/\\\/letipideletang.com\\\/nl\\\/location\\\/lenvironnement\\\/\"]}]},{\"@type\":\"ImageObject\",\"inLanguage\":\"nl-NL\",\"@id\":\"https:\\\/\\\/letipideletang.com\\\/nl\\\/location\\\/lenvironnement\\\/#primaryimage\",\"url\":\"http:\\\/\\\/letipideletang.com\\\/wp-content\\\/uploads\\\/2021\\\/07\\\/WhatsApp-Image-2021-07-24-at-23.27.45-4-300x225.jpeg\",\"contentUrl\":\"http:\\\/\\\/letipideletang.com\\\/wp-content\\\/uploads\\\/2021\\\/07\\\/WhatsApp-Image-2021-07-24-at-23.27.45-4-300x225.jpeg\"},{\"@type\":\"BreadcrumbList\",\"@id\":\"https:\\\/\\\/letipideletang.com\\\/nl\\\/location\\\/lenvironnement\\\/#breadcrumb\",\"itemListElement\":[{\"@type\":\"ListItem\",\"position\":1,\"name\":\"Accueil\",\"item\":\"https:\\\/\\\/letipideletang.com\\\/nl\\\/\"},{\"@type\":\"ListItem\",\"position\":2,\"name\":\"Ontvangst\",\"item\":\"https:\\\/\\\/letipideletang.com\\\/nl\\\/\"},{\"@type\":\"ListItem\",\"position\":3,\"name\":\"De omgeving\"}]},{\"@type\":\"WebSite\",\"@id\":\"https:\\\/\\\/letipideletang.com\\\/nl\\\/#website\",\"url\":\"https:\\\/\\\/letipideletang.com\\\/nl\\\/\",\"name\":\"Le Tipi de L&#039;\u00e9tang\",\"description\":\"Logement insolite\",\"publisher\":{\"@id\":\"https:\\\/\\\/letipideletang.com\\\/nl\\\/#organization\"},\"potentialAction\":[{\"@type\":\"SearchAction\",\"target\":{\"@type\":\"EntryPoint\",\"urlTemplate\":\"https:\\\/\\\/letipideletang.com\\\/nl\\\/?s={search_term_string}\"},\"query-input\":{\"@type\":\"PropertyValueSpecification\",\"valueRequired\":true,\"valueName\":\"search_term_string\"}}],\"inLanguage\":\"nl-NL\"},{\"@type\":\"Organization\",\"@id\":\"https:\\\/\\\/letipideletang.com\\\/nl\\\/#organization\",\"name\":\"Le Tipi de l'\u00e9tang\",\"url\":\"https:\\\/\\\/letipideletang.com\\\/nl\\\/\",\"logo\":{\"@type\":\"ImageObject\",\"inLanguage\":\"nl-NL\",\"@id\":\"https:\\\/\\\/letipideletang.com\\\/nl\\\/#\\\/schema\\\/logo\\\/image\\\/\",\"url\":\"https:\\\/\\\/letipideletang.com\\\/wp-content\\\/uploads\\\/2021\\\/10\\\/11.jpg\",\"contentUrl\":\"https:\\\/\\\/letipideletang.com\\\/wp-content\\\/uploads\\\/2021\\\/10\\\/11.jpg\",\"width\":885,\"height\":1024,\"caption\":\"Le Tipi de l'\u00e9tang\"},\"image\":{\"@id\":\"https:\\\/\\\/letipideletang.com\\\/nl\\\/#\\\/schema\\\/logo\\\/image\\\/\"},\"sameAs\":[\"https:\\\/\\\/www.facebook.com\\\/profile.php?id=100069945652258\"]}]}<\/script>\n<!-- \/ Yoast SEO plugin. -->","yoast_head_json":{"title":"Le Tipi de L&#039;\u00e9tang - De omgeving","description":"\"Le tipi de l'\u00e9tang\" is een gte gelegen in een priv\u00e9domein met een vijver, in het hart van het Regionaal Natuurpark Scarpe Escaut.","robots":{"index":"index","follow":"follow","max-snippet":"max-snippet:-1","max-image-preview":"max-image-preview:large","max-video-preview":"max-video-preview:-1"},"canonical":"https:\/\/letipideletang.com\/nl\/location\/lenvironnement\/","og_locale":"nl_NL","og_type":"article","og_title":"Le Tipi de L&#039;\u00e9tang - De omgeving","og_description":"\"Le tipi de l'\u00e9tang\" is een gte gelegen in een priv\u00e9domein met een vijver, in het hart van het Regionaal Natuurpark Scarpe Escaut.","og_url":"https:\/\/letipideletang.com\/nl\/location\/lenvironnement\/","og_site_name":"Le Tipi de L&#039;\u00e9tang","article_publisher":"https:\/\/www.facebook.com\/profile.php?id=100069945652258","article_modified_time":"2022-01-16T16:31:37+00:00","og_image":[{"width":800,"height":600,"url":"https:\/\/letipideletang.com\/wp-content\/uploads\/2021\/10\/10.jpg","type":"image\/jpeg"}],"twitter_card":"summary_large_image","twitter_misc":{"Geschatte leestijd":"2 minuten"},"schema":{"@context":"https:\/\/schema.org","@graph":[{"@type":"WebPage","@id":"https:\/\/letipideletang.com\/nl\/location\/lenvironnement\/","url":"https:\/\/letipideletang.com\/nl\/location\/lenvironnement\/","name":"Le Tipi de L&#039;\u00e9tang - De omgeving","isPartOf":{"@id":"https:\/\/letipideletang.com\/nl\/#website"},"primaryImageOfPage":{"@id":"https:\/\/letipideletang.com\/nl\/location\/lenvironnement\/#primaryimage"},"image":{"@id":"https:\/\/letipideletang.com\/nl\/location\/lenvironnement\/#primaryimage"},"thumbnailUrl":"http:\/\/letipideletang.com\/wp-content\/uploads\/2021\/07\/WhatsApp-Image-2021-07-24-at-23.27.45-4-300x225.jpeg","datePublished":"2021-07-05T12:49:11+00:00","dateModified":"2022-01-16T16:31:37+00:00","description":"\"Le tipi de l'\u00e9tang\" is een gte gelegen in een priv\u00e9domein met een vijver, in het hart van het Regionaal Natuurpark Scarpe Escaut.","breadcrumb":{"@id":"https:\/\/letipideletang.com\/nl\/location\/lenvironnement\/#breadcrumb"},"inLanguage":"nl-NL","potentialAction":[{"@type":"ReadAction","target":["https:\/\/letipideletang.com\/nl\/location\/lenvironnement\/"]}]},{"@type":"ImageObject","inLanguage":"nl-NL","@id":"https:\/\/letipideletang.com\/nl\/location\/lenvironnement\/#primaryimage","url":"http:\/\/letipideletang.com\/wp-content\/uploads\/2021\/07\/WhatsApp-Image-2021-07-24-at-23.27.45-4-300x225.jpeg","contentUrl":"http:\/\/letipideletang.com\/wp-content\/uploads\/2021\/07\/WhatsApp-Image-2021-07-24-at-23.27.45-4-300x225.jpeg"},{"@type":"BreadcrumbList","@id":"https:\/\/letipideletang.com\/nl\/location\/lenvironnement\/#breadcrumb","itemListElement":[{"@type":"ListItem","position":1,"name":"Accueil","item":"https:\/\/letipideletang.com\/nl\/"},{"@type":"ListItem","position":2,"name":"Ontvangst","item":"https:\/\/letipideletang.com\/nl\/"},{"@type":"ListItem","position":3,"name":"De omgeving"}]},{"@type":"WebSite","@id":"https:\/\/letipideletang.com\/nl\/#website","url":"https:\/\/letipideletang.com\/nl\/","name":"Le Tipi de L&#039;\u00e9tang","description":"Logement insolite","publisher":{"@id":"https:\/\/letipideletang.com\/nl\/#organization"},"potentialAction":[{"@type":"SearchAction","target":{"@type":"EntryPoint","urlTemplate":"https:\/\/letipideletang.com\/nl\/?s={search_term_string}"},"query-input":{"@type":"PropertyValueSpecification","valueRequired":true,"valueName":"search_term_string"}}],"inLanguage":"nl-NL"},{"@type":"Organization","@id":"https:\/\/letipideletang.com\/nl\/#organization","name":"Le Tipi de l'\u00e9tang","url":"https:\/\/letipideletang.com\/nl\/","logo":{"@type":"ImageObject","inLanguage":"nl-NL","@id":"https:\/\/letipideletang.com\/nl\/#\/schema\/logo\/image\/","url":"https:\/\/letipideletang.com\/wp-content\/uploads\/2021\/10\/11.jpg","contentUrl":"https:\/\/letipideletang.com\/wp-content\/uploads\/2021\/10\/11.jpg","width":885,"height":1024,"caption":"Le Tipi de l'\u00e9tang"},"image":{"@id":"https:\/\/letipideletang.com\/nl\/#\/schema\/logo\/image\/"},"sameAs":["https:\/\/www.facebook.com\/profile.php?id=100069945652258"]}]}},"_links":{"self":[{"href":"https:\/\/letipideletang.com\/nl\/wp-json\/wp\/v2\/pages\/15723","targetHints":{"allow":["GET"]}}],"collection":[{"href":"https:\/\/letipideletang.com\/nl\/wp-json\/wp\/v2\/pages"}],"about":[{"href":"https:\/\/letipideletang.com\/nl\/wp-json\/wp\/v2\/types\/page"}],"author":[{"embeddable":true,"href":"https:\/\/letipideletang.com\/nl\/wp-json\/wp\/v2\/users\/2"}],"replies":[{"embeddable":true,"href":"https:\/\/letipideletang.com\/nl\/wp-json\/wp\/v2\/comments?post=15723"}],"version-history":[{"count":9,"href":"https:\/\/letipideletang.com\/nl\/wp-json\/wp\/v2\/pages\/15723\/revisions"}],"predecessor-version":[{"id":15943,"href":"https:\/\/letipideletang.com\/nl\/wp-json\/wp\/v2\/pages\/15723\/revisions\/15943"}],"up":[{"embeddable":true,"href":"https:\/\/letipideletang.com\/nl\/wp-json\/wp\/v2\/pages\/15715"}],"wp:attachment":[{"href":"https:\/\/letipideletang.com\/nl\/wp-json\/wp\/v2\/media?parent=15723"}],"curies":[{"name":"wp","href":"https:\/\/api.w.org\/{rel}","templated":true}]}}